{"id":538,"date":"2023-03-06T11:52:41","date_gmt":"2023-03-06T09:52:41","guid":{"rendered":"https:\/\/proudproject.eu\/home\/"},"modified":"2023-03-30T06:58:47","modified_gmt":"2023-03-30T06:58:47","slug":"home","status":"publish","type":"page","link":"https:\/\/proudproject.eu\/sk\/","title":{"rendered":"Domov"},"content":{"rendered":"<p><img decoding=\"async\" src=\"\/wp-content\/uploads\/2023\/01\/services-digital-x-ray-hero-01.png\" alt=\"\"><br \/>\n<img decoding=\"async\" src=\"\/wp-content\/uploads\/2023\/01\/PROUD-logo_final.png\" alt=\"\"><\/p>\n<div>\n<p><span>Projekt pon\u00c3\u00baka komplexn\u00c3\u00bd a inovat\u00c3\u00advny mentorsk\u00c3\u00bd program pre mlad\u00c3\u00bdch dospel\u00c3\u00bdch (gener\u00c3\u00a1cie Y a Z), zoh\u00c4\u00bead\u00c5\u02c6uj\u00c3\u00baci ich \u00c5\u00a1pecifick\u00c3\u00a9 potreby a \u00c5\u00a5a\u00c5\u00bekosti v pr\u00c3\u00a1ci v digit\u00c3\u00a1lnej \u00c3\u00a9re a podporuj\u00c3\u00baci ich pohodu a profesion\u00c3\u00a1lne zru\u00c4\u008dnosti, poskytovan\u00c3\u00bd v digit\u00c3\u00a1lnej forme pomocou LMS Moodle.<\/span><\/p>\n<\/div>\n<p><img decoding=\"async\" src=\"\/wp-content\/uploads\/hero-shape-02.svg\" alt=\"\"><\/p>\n<h2><span>N\u00c3\u0081\u00c5\u00a0 CIE\u00c4\u00bd:<\/span><\/h2>\n<div>\n<p><span>Cie\u00c4\u00beom n\u00c3\u00a1\u00c5\u00a1ho projektu je podpori\u00c5\u00a5 nov\u00c3\u00a9 gener\u00c3\u00a1cie v dosahovan\u00c3\u00ad udr\u00c5\u00beate\u00c4\u00benej pracovnej spokojnosti a excelentnosti prostredn\u00c3\u00adctvom zvy\u00c5\u00a1ovania profesion\u00c3\u00a1lnej v\u00c3\u00bdkonnosti, rovnov\u00c3\u00a1hy medzi pracovn\u00c3\u00bdm a s\u00c3\u00bakromn\u00c3\u00bdm \u00c5\u00beivotom, du\u00c5\u00a1evnej pohody, prevencie a posilnen\u00c3\u00adm ich odolnosti. Na z\u00c3\u00a1klade multidisciplin\u00c3\u00a1rneho pr\u00c3\u00adstupu sa chyst\u00c3\u00a1me spoji\u00c5\u00a5 mentoring s programom rozvoja z\u00c3\u00a1kladn\u00c3\u00bdch zru\u00c4\u008dnost\u00c3\u00ad v oblasti pracovn\u00c3\u00a9ho \u00c5\u00beivota pre mlad\u00c3\u00bdch zamestnancov.<\/span><\/p>\n<\/div>\n<p>\n    <a href=\"\/sk\/about\/\">dozvedie\u00c5\u00a5 sa viac o PROUD<\/a>\n<\/p>\n<hr>\n<h2><span>Ste mentor? <\/span><\/h2>\n<div>\n<p><span>Pozrite si na\u00c5\u00a1u Pr\u00c3\u00adru\u00c4\u008dku pre mentorov (te\u00c3\u00b3ria a cvi\u00c4\u008denia na rozvoj profesion\u00c3\u00a1lnych zru\u00c4\u008dnost\u00c3\u00ad) a Mapu du\u00c5\u00a1evnej pohody na pracovisku (n\u00c3\u00a1stroj na spoznanie naj\u00c4\u008dastej\u00c5\u00a1\u00c3\u00adch probl\u00c3\u00a9mov na pracovisku spojen\u00c3\u00bdch s du\u00c5\u00a1evn\u00c3\u00bdm zdrav\u00c3\u00adm). Obidva n\u00c3\u00a1stroje s\u00c3\u00ba zameran\u00c3\u00a9 na zamestnancov z gener\u00c3\u00a1ci\u00c3\u00ad Z a Y.<\/span><\/p>\n<\/div>\n<p>\n    <a href=\"\/sk\/tools\/#mentor\">\u00c4\u0152\u00c3\u00adtajte viac<\/a>\n<\/p>\n<p><img decoding=\"async\" src=\"\/wp-content\/uploads\/2023\/01\/8294-scaled.jpg\" alt=\"\"><br \/>\n<img decoding=\"async\" src=\"\/wp-content\/uploads\/2023\/01\/Wavy_Ppl-06_Single-01-1.jpg\" alt=\"\"><\/p>\n<h2><span>Ste mlad\u00c3\u00bd zamestnanec alebo zamestnaky\u00c5\u02c6a a sna\u00c5\u00be\u00c3\u00adte sa by\u00c5\u00a5 akt\u00c3\u00advnej\u00c5\u00a1\u00c3\u00ad a odb\u00c3\u00bara\u00c5\u00a5 stres? <\/span><\/h2>\n<div>\n<p><span>Pozrite si n\u00c3\u00a1\u00c5\u00a1 set Mind-balance, materi\u00c3\u00a1l o udr\u00c5\u00beate\u00c4\u00benom vedomelom sebaovl\u00c3\u00a1dan\u00c3\u00ad v \u00c5\u00a1t\u00c3\u00bdle pracovn\u00c3\u00a9ho zo\u00c5\u00a1ita, pln\u00c3\u00bd tipov a techn\u00c3\u00adk na zvl\u00c3\u00a1danie vyhorenia a depresie.<\/span><\/p>\n<\/div>\n<p>\n    <a href=\"\/sk\/tools\/#young-employee\">\u00c4\u0152\u00c3\u00adtajte viac<\/a>\n<\/p>\n<div>\n<p><span>\u00c4\u0152\u00c3\u00adslo projektu: 2022-1-HU01-KA220-000086673<\/span><\/p>\n<p><span>PROUD je projekt Erasmus+, ktor\u00c3\u00a9ho cie\u00c4\u00beom je posilni\u00c5\u00a5 individu\u00c3\u00a1lnu pohodu a profesion\u00c3\u00a1lnu dokonalos\u00c5\u00a5 pracuj\u00c3\u00bacich mlad\u00c3\u00bdch \u00c4\u00beud\u00c3\u00ad.<\/span><\/p>\n<\/div>\n<p><img decoding=\"async\" src=\"\/wp-content\/uploads\/2023\/01\/EU-flag-and-disclaimer.png\" alt=\"\"><\/p>\n<div>\n<p><span>Financovan\u00c3\u00a9 Eur\u00c3\u00b3pskou \u00c3\u00baniou. Vyjadren\u00c3\u00a9 n\u00c3\u00a1zory a postoje s\u00c3\u00ba n\u00c3\u00a1zormi a vyhl\u00c3\u00a1seniami autora(-ov) a nemusia nevyhnutne odr\u00c3\u00a1\u00c5\u00bea\u00c5\u00a5 n\u00c3\u00a1zory a stanovisk\u00c3\u00a1 Eur\u00c3\u00b3pskej \u00c3\u00banie alebo Eur\u00c3\u00b3pskej v\u00c3\u00bdkonnej agent\u00c3\u00bary pre vzdel\u00c3\u00a1vanie a kult\u00c3\u00baru (EACEA). Eur\u00c3\u00b3pska \u00c3\u00bania ani EACEA za ne nepreberaj\u00c3\u00ba \u00c5\u00beiadnu zodpovednos\u00c5\u00a5.<\/span><\/p>\n<\/div>\n<p><!--more--><br \/>\n<!-- {\"type\":\"layout\",\"children\":[{\"type\":\"section\",\"props\":{\"image_position\":\"center-center\",\"padding_remove_bottom\":true,\"style\":\"default\",\"title_breakpoint\":\"xl\",\"title_position\":\"top-left\",\"title_rotation\":\"left\",\"vertical_align\":\"middle\",\"width\":\"\"},\"children\":[{\"type\":\"row\",\"children\":[{\"type\":\"column\",\"props\":{\"image_position\":\"center-center\",\"media_overlay_gradient\":\"\",\"position_sticky_breakpoint\":\"m\",\"vertical_align\":\"middle\",\"width_default\":\"\",\"width_medium\":\"\",\"width_small\":\"expand\"},\"children\":[{\"type\":\"image\",\"props\":{\"image\":\"wp-content\\\/uploads\\\/2023\\\/01\\\/services-digital-x-ray-hero-01.png\",\"image_svg_color\":\"emphasis\",\"image_width\":\"200\",\"margin\":\"remove-vertical\",\"text_align\":\"center\",\"visibility\":\"l\"}}]},{\"type\":\"column\",\"props\":{\"image_position\":\"center-center\",\"media_overlay_gradient\":\"\",\"position_sticky_breakpoint\":\"m\",\"vertical_align\":\"middle\",\"width_default\":\"\",\"width_large\":\"\",\"width_medium\":\"\",\"width_small\":\"2-5\"},\"children\":[{\"type\":\"image\",\"props\":{\"image\":\"wp-content\\\/uploads\\\/2023\\\/01\\\/PROUD-logo_final.png\",\"image_svg_color\":\"emphasis\",\"margin\":\"default\",\"text_align\":\"center\"}},{\"type\":\"text\",\"props\":{\"block_align\":\"center\",\"column_breakpoint\":\"m\",\"content\":\"\n\n<p><span>Projekt pon\\u00faka komplexn\\u00fd a inovat\\u00edvny mentorsk\\u00fd program pre mlad\\u00fdch dospel\\u00fdch (gener\\u00e1cie Y a Z), zoh\\u013ead\\u0148uj\\u00faci ich \\u0161pecifick\\u00e9 potreby a \\u0165a\\u017ekosti v pr\\u00e1ci v digit\\u00e1lnej \\u00e9re a podporuj\\u00faci ich pohodu a profesion\\u00e1lne zru\\u010dnosti, poskytovan\\u00fd v digit\\u00e1lnej forme pomocou LMS Moodle.<\\\/span><\\\/p>\",\"margin\":\"default\",\"text_align\":\"center\",\"text_style\":\"large\"}}]},{\"type\":\"column\",\"props\":{\"image_position\":\"center-center\",\"media_overlay_gradient\":\"\",\"position_sticky_breakpoint\":\"m\",\"vertical_align\":\"middle\",\"width_default\":\"\",\"width_medium\":\"\",\"width_small\":\"expand\"},\"children\":[{\"type\":\"image\",\"props\":{\"image\":\"wp-content\\\/uploads\\\/hero-shape-02.svg\",\"image_svg_color\":\"emphasis\",\"image_width\":\"250\",\"margin\":\"default\",\"text_align\":\"center\",\"visibility\":\"l\"}}]}],\"props\":{\"layout\":\"1-3,1-3,1-3\",\"width\":\"expand\"}}],\"name\":\"Home1\"},{\"type\":\"section\",\"props\":{\"image_position\":\"center-center\",\"style\":\"default\",\"title_breakpoint\":\"xl\",\"title_position\":\"top-left\",\"title_rotation\":\"left\",\"vertical_align\":\"middle\",\"width\":\"xlarge\"},\"children\":[{\"type\":\"row\",\"children\":[{\"type\":\"column\",\"props\":{\"image_position\":\"center-center\",\"media_overlay_gradient\":\"\",\"position_sticky_breakpoint\":\"m\"},\"children\":[{\"type\":\"headline\",\"props\":{\"content\":\"<span>N\\u00c1\\u0160 CIE\\u013d:<\\\/span>\",\"margin\":\"small\",\"margin_remove_top\":false,\"title_element\":\"h2\"}},{\"type\":\"text\",\"props\":{\"column_breakpoint\":\"m\",\"content\":\"\n\n<p><span>Cie\\u013eom n\\u00e1\\u0161ho projektu je podpori\\u0165 nov\\u00e9 gener\\u00e1cie v dosahovan\\u00ed udr\\u017eate\\u013enej pracovnej spokojnosti a excelentnosti prostredn\\u00edctvom zvy\\u0161ovania profesion\\u00e1lnej v\\u00fdkonnosti, rovnov\\u00e1hy medzi pracovn\\u00fdm a s\\u00fakromn\\u00fdm \\u017eivotom, du\\u0161evnej pohody, prevencie a posilnen\\u00edm ich odolnosti. Na z\\u00e1klade multidisciplin\\u00e1rneho pr\\u00edstupu sa chyst\\u00e1me spoji\\u0165 mentoring s programom rozvoja z\\u00e1kladn\\u00fdch zru\\u010dnost\\u00ed v oblasti pracovn\\u00e9ho \\u017eivota pre mlad\\u00fdch zamestnancov.<\\\/span><\\\/p>\",\"margin\":\"medium\",\"margin_remove_bottom\":false,\"margin_remove_top\":false}},{\"type\":\"button\",\"props\":{\"grid_column_gap\":\"small\",\"grid_row_gap\":\"small\",\"margin\":\"default\",\"text_align\":\"right\"},\"children\":[{\"type\":\"button_item\",\"props\":{\"button_style\":\"text\",\"content\":\"dozvedie\\u0165 sa viac o PROUD\",\"icon_align\":\"left\",\"link\":\"sk\\\/about\\\/\"}}]},{\"type\":\"divider\",\"props\":{\"divider_align\":\"center\",\"divider_element\":\"hr\",\"divider_style\":\"\"}}]}]}],\"name\":\"Home2\"},{\"type\":\"section\",\"props\":{\"image_position\":\"center-center\",\"overlap\":false,\"padding_remove_top\":true,\"style\":\"default\",\"title_breakpoint\":\"xl\",\"title_position\":\"top-left\",\"title_rotation\":\"left\",\"vertical_align\":\"middle\",\"width\":\"xlarge\"},\"children\":[{\"type\":\"row\",\"props\":{\"layout\":\"1-2,1-2\"},\"children\":[{\"type\":\"column\",\"props\":{\"image_position\":\"center-center\",\"media_overlay_gradient\":\"\",\"position_sticky_breakpoint\":\"m\",\"vertical_align\":\"middle\",\"width_medium\":\"1-2\"},\"children\":[{\"type\":\"headline\",\"props\":{\"content\":\"<span>Ste mentor? <\\\/span>\",\"css\":\".el-element{\\n    justify-content:center;\\n}\",\"margin\":\"small\",\"margin_remove_top\":false,\"title_element\":\"h2\"}},{\"type\":\"text\",\"props\":{\"block_align\":\"center\",\"column_breakpoint\":\"m\",\"content\":\"\n\n<p><span>Pozrite si na\\u0161u Pr\\u00edru\\u010dku pre mentorov (te\\u00f3ria a cvi\\u010denia na rozvoj profesion\\u00e1lnych zru\\u010dnost\\u00ed) a Mapu du\\u0161evnej pohody na pracovisku (n\\u00e1stroj na spoznanie naj\\u010dastej\\u0161\\u00edch probl\\u00e9mov na pracovisku spojen\\u00fdch s du\\u0161evn\\u00fdm zdrav\\u00edm). Obidva n\\u00e1stroje s\\u00fa zameran\\u00e9 na zamestnancov z gener\\u00e1ci\\u00ed Z a Y.<\\\/span><\\\/p>\",\"margin\":\"default\",\"maxwidth\":\"2xlarge\",\"maxwidth_breakpoint\":\"m\"}},{\"type\":\"button\",\"props\":{\"grid_column_gap\":\"small\",\"grid_row_gap\":\"small\",\"margin\":\"default\",\"text_align\":\"right\"},\"children\":[{\"type\":\"button_item\",\"props\":{\"button_style\":\"text\",\"content\":\"\\u010c\\u00edtajte viac\",\"icon_align\":\"left\",\"link\":\"sk\\\/tools\\\/#mentor\",\"link_title\":\"Read more\"}}]}]},{\"type\":\"column\",\"props\":{\"image_position\":\"center-center\",\"media_overlay_gradient\":\"\",\"position_sticky_breakpoint\":\"m\",\"width_medium\":\"1-2\"},\"children\":[{\"type\":\"image\",\"props\":{\"image\":\"wp-content\\\/uploads\\\/2023\\\/01\\\/8294-scaled.jpg\",\"image_svg_color\":\"emphasis\",\"margin\":\"small\",\"position\":\"relative\",\"position_top\":\"-25\",\"text_align\":\"right\"}}]}]},{\"type\":\"row\",\"props\":{\"layout\":\"1-2,1-2\",\"margin\":\"large\",\"margin_remove_top\":true},\"children\":[{\"type\":\"column\",\"props\":{\"image_position\":\"center-center\",\"media_overlay_gradient\":\"\",\"position_sticky_breakpoint\":\"m\",\"width_medium\":\"1-2\"},\"children\":[{\"type\":\"image\",\"props\":{\"image\":\"wp-content\\\/uploads\\\/2023\\\/01\\\/Wavy_Ppl-06_Single-01-1.jpg\",\"image_svg_color\":\"emphasis\",\"image_width\":\"350\",\"margin\":\"\",\"position\":\"relative\",\"text_align\":\"center\"}}]},{\"type\":\"column\",\"props\":{\"image_position\":\"center-center\",\"media_overlay_gradient\":\"\",\"position_sticky_breakpoint\":\"m\",\"vertical_align\":\"middle\",\"width_medium\":\"1-2\"},\"children\":[{\"type\":\"headline\",\"props\":{\"content\":\"<span>Ste mlad\\u00fd zamestnanec alebo zamestnaky\\u0148a a sna\\u017e\\u00edte sa by\\u0165 akt\\u00edvnej\\u0161\\u00ed a odb\\u00fara\\u0165 stres? <\\\/span>\",\"margin\":\"small\",\"margin_remove_bottom\":true,\"title_element\":\"h2\"}},{\"type\":\"text\",\"props\":{\"column_breakpoint\":\"m\",\"content\":\"\n\n<p><span>Pozrite si n\\u00e1\\u0161 set Mind-balance, materi\\u00e1l o udr\\u017eate\\u013enom vedomelom sebaovl\\u00e1dan\\u00ed v \\u0161t\\u00fdle pracovn\\u00e9ho zo\\u0161ita, pln\\u00fd tipov a techn\\u00edk na zvl\\u00e1danie vyhorenia a depresie.<\\\/span><\\\/p>\",\"margin\":\"default\",\"margin_remove_bottom\":false,\"margin_remove_top\":true,\"maxwidth\":\"2xlarge\",\"maxwidth_breakpoint\":\"m\"}},{\"type\":\"button\",\"props\":{\"grid_column_gap\":\"small\",\"grid_row_gap\":\"small\",\"margin\":\"default\",\"text_align\":\"right\"},\"children\":[{\"type\":\"button_item\",\"props\":{\"button_style\":\"text\",\"content\":\"\\u010c\\u00edtajte viac\",\"icon_align\":\"left\",\"link\":\"sk\\\/tools\\\/#young-employee\",\"link_title\":\"Read more\"}}]}]}]}],\"name\":\"home3\"},{\"type\":\"section\",\"props\":{\"css\":\".el-section{ \\n\\tbackground-color:#111133;\\n}\",\"image\":\"wp-content\\\/uploads\\\/2023\\\/01\\\/Untitled.png\",\"image_position\":\"top-center\",\"image_size\":\"cover\",\"overlap\":false,\"style\":\"default\",\"title_breakpoint\":\"xl\",\"title_position\":\"top-left\",\"title_rotation\":\"left\",\"vertical_align\":\"middle\",\"width\":\"default\"},\"children\":[{\"type\":\"row\",\"props\":{\"layout\":\"1-2,1-2\"},\"children\":[{\"type\":\"column\",\"props\":{\"image_position\":\"center-center\",\"media_overlay_gradient\":\"\",\"position_sticky_breakpoint\":\"m\",\"width_medium\":\"1-2\"},\"children\":[{\"type\":\"text\",\"props\":{\"column_breakpoint\":\"m\",\"content\":\"\n\n<p><span>\\u010c\\u00edslo projektu: 2022-1-HU01-KA220-000086673<\\\/span><\\\/p>\\n\n\n<p><span>PROUD je projekt Erasmus+, ktor\\u00e9ho cie\\u013eom je posilni\\u0165 individu\\u00e1lnu pohodu a profesion\\u00e1lnu dokonalos\\u0165 pracuj\\u00facich mlad\\u00fdch \\u013eud\\u00ed.<\\\/span><\\\/p>\",\"margin\":\"default\",\"text_color\":\"muted\"}}]},{\"type\":\"column\",\"props\":{\"image_position\":\"center-center\",\"media_overlay_gradient\":\"\",\"position_sticky_breakpoint\":\"m\",\"width_medium\":\"1-2\"},\"children\":[{\"type\":\"image\",\"props\":{\"image\":\"wp-content\\\/uploads\\\/2023\\\/01\\\/EU-flag-and-disclaimer.png\",\"image_svg_color\":\"emphasis\",\"margin\":\"default\"}},{\"type\":\"text\",\"props\":{\"column_breakpoint\":\"m\",\"content\":\"\n\n<p><span>Financovan\\u00e9 Eur\\u00f3pskou \\u00faniou. Vyjadren\\u00e9 n\\u00e1zory a postoje s\\u00fa n\\u00e1zormi a vyhl\\u00e1seniami autora(-ov) a nemusia nevyhnutne odr\\u00e1\\u017ea\\u0165 n\\u00e1zory a stanovisk\\u00e1 Eur\\u00f3pskej \\u00fanie alebo Eur\\u00f3pskej v\\u00fdkonnej agent\\u00fary pre vzdel\\u00e1vanie a kult\\u00faru (EACEA). Eur\\u00f3pska \\u00fania ani EACEA za ne nepreberaj\\u00fa \\u017eiadnu zodpovednos\\u0165.<\\\/span><\\\/p>\",\"margin\":\"default\",\"text_color\":\"muted\"}}]}]}],\"name\":\"FOOTER_spacious\"}],\"version\":\"3.0.20\"} --><\/p>\n","protected":false},"excerpt":{"rendered":"<p>Projekt pon\u00c3\u00baka komplexn\u00c3\u00bd a inovat\u00c3\u00advny mentorsk\u00c3\u00bd program pre mlad\u00c3\u00bdch dospel\u00c3\u00bdch (gener\u00c3\u00a1cie Y a Z), zoh\u00c4\u00bead\u00c5\u02c6uj\u00c3\u00baci ich \u00c5\u00a1pecifick\u00c3\u00a9 potreby a \u00c5\u00a5a\u00c5\u00bekosti v pr\u00c3\u00a1ci v digit\u00c3\u00a1lnej \u00c3\u00a9re a podporuj\u00c3\u00baci ich pohodu a profesion\u00c3\u00a1lne zru\u00c4\u008dnosti, poskytovan\u00c3\u00bd v digit\u00c3\u00a1lnej forme pomocou LMS Moodle. N\u00c3\u0081\u00c5\u00a0 CIE\u00c4\u00bd: Cie\u00c4\u00beom n\u00c3\u00a1\u00c5\u00a1ho projektu je podpori\u00c5\u00a5 nov\u00c3\u00a9 gener\u00c3\u00a1cie v dosahovan\u00c3\u00ad udr\u00c5\u00beate\u00c4\u00benej pracovnej spokojnosti a excelentnosti [&hellip;]<\/p>\n","protected":false},"author":1,"featured_media":0,"parent":0,"menu_order":0,"comment_status":"closed","ping_status":"closed","template":"","meta":[],"_links":{"self":[{"href":"https:\/\/proudproject.eu\/sk\/wp-json\/wp\/v2\/pages\/538"}],"collection":[{"href":"https:\/\/proudproject.eu\/sk\/wp-json\/wp\/v2\/pages"}],"about":[{"href":"https:\/\/proudproject.eu\/sk\/wp-json\/wp\/v2\/types\/page"}],"author":[{"embeddable":true,"href":"https:\/\/proudproject.eu\/sk\/wp-json\/wp\/v2\/users\/1"}],"replies":[{"embeddable":true,"href":"https:\/\/proudproject.eu\/sk\/wp-json\/wp\/v2\/comments?post=538"}],"version-history":[{"count":2,"href":"https:\/\/proudproject.eu\/sk\/wp-json\/wp\/v2\/pages\/538\/revisions"}],"predecessor-version":[{"id":551,"href":"https:\/\/proudproject.eu\/sk\/wp-json\/wp\/v2\/pages\/538\/revisions\/551"}],"wp:attachment":[{"href":"https:\/\/proudproject.eu\/sk\/wp-json\/wp\/v2\/media?parent=538"}],"curies":[{"name":"wp","href":"https:\/\/api.w.org\/{rel}","templated":true}]}}