{"id":483,"date":"2023-03-06T11:52:41","date_gmt":"2023-03-06T09:52:41","guid":{"rendered":"https:\/\/proudproject.eu\/home\/"},"modified":"2024-10-31T08:56:40","modified_gmt":"2024-10-31T06:56:40","slug":"home","status":"publish","type":"page","link":"https:\/\/proudproject.eu\/hu\/","title":{"rendered":"F\u00c5\u0090OLDAL"},"content":{"rendered":"<p><img decoding=\"async\" src=\"\/wp-content\/uploads\/2023\/01\/services-digital-x-ray-hero-01.png\" alt=\"\"><br \/>\n<img decoding=\"async\" src=\"\/wp-content\/uploads\/2023\/01\/PROUD-logo_final.png\" alt=\"\"><\/p>\n<div>\n<p><span>Egy projekt, amely komplex \u00c3\u00a9s innovat\u00c3\u00adv mentorprogramot k\u00c3\u00adn\u00c3\u00a1l fiatal feln\u00c5\u2018ttek (Y &amp; Z gener\u00c3\u00a1ci\u00c3\u00b3) sz\u00c3\u00a1m\u00c3\u00a1ra, k\u00c3\u00bcl\u00c3\u00b6n figyelmet ford\u00c3\u00adtva a digit\u00c3\u00a1lis korszakban felmer\u00c3\u00bcl\u00c5\u2018 saj\u00c3\u00a1tos sz\u00c3\u00bcks\u00c3\u00a9gleteikre \u00c3\u00a9s munkahelyi neh\u00c3\u00a9zs\u00c3\u00a9geikre, valamint el\u00c5\u2018seg\u00c3\u00adtve j\u00c3\u00b3ll\u00c3\u00a9t\u00c3\u00bcket \u00c3\u00a9s szakmai k\u00c3\u00a9szs\u00c3\u00a9geiket. Megtal\u00c3\u00a1lhat\u00c3\u00b3 a Moodle platformon, digit\u00c3\u00a1lis felhaszn\u00c3\u00a1l\u00c3\u00a1shoz igaz\u00c3\u00adtva.<\/span><\/p>\n<\/div>\n<p><img decoding=\"async\" src=\"\/wp-content\/uploads\/hero-shape-02.svg\" alt=\"\"><\/p>\n<h2><span>C\u00c3\u2030LUNK<\/span><\/h2>\n<div>\n<p><span>A projekt\u00c3\u00bcnk c\u00c3\u00a9lja, hogy t\u00c3\u00a1mogassuk a fiatalabb gener\u00c3\u00a1ci\u00c3\u00b3 tagjait a hosszantart\u00c3\u00b3 munkahelyi el\u00c3\u00a9gedetts\u00c3\u00a9g el\u00c3\u00a9r\u00c3\u00a9s\u00c3\u00a9ben. Mindezt a szakmai hat\u00c3\u00a9konys\u00c3\u00a1g, a munka-mag\u00c3\u00a1n\u00c3\u00a9let egyens\u00c3\u00baly\u00c3\u00a1val, a munk\u00c3\u00a1val kapcsolatos ment\u00c3\u00a1lis j\u00c3\u00b3ll\u00c3\u00a9t \u00c3\u00a9s tudatoss\u00c3\u00a1g n\u00c3\u00b6vel\u00c3\u00a9s\u00c3\u00a9vel, valamint a rezilienci\u00c3\u00a1ra val\u00c3\u00b3 k\u00c3\u00a9pess\u00c3\u00a9g\u00c3\u00bck meger\u00c5\u2018s\u00c3\u00adt\u00c3\u00a9s\u00c3\u00a9vel. Megk\u00c3\u00b6zel\u00c3\u00adt\u00c3\u00a9s\u00c3\u00bcnk multidiszciplin\u00c3\u00a1ris, egy fiatalokra \u00c3\u00b6sszpontos\u00c3\u00adt\u00c3\u00b3 mentork\u00c3\u00a9pz\u00c3\u00a9s \u00c3\u00a9s egy fiatal munkav\u00c3\u00a1llal\u00c3\u00b3knak sz\u00c3\u00b3l\u00c3\u00b3, alapvet\u00c5\u2018 k\u00c3\u00a9szs\u00c3\u00a9gfejleszt\u00c5\u2018 program egyes\u00c3\u00adt\u00c3\u00a9s\u00c3\u00a9vel.<\/span><\/p>\n<\/div>\n<p>\n    <a href=\"\/hu\/about\/\">tudj meg t\u00c3\u00b6bbet PROUD<\/a>\n<\/p>\n<hr>\n<h2><span>Eln\u00c3\u00a9z\u00c3\u00a9st, \u00c3\u2013n mentor?<\/span><\/h2>\n<div>\n<p><span> Ez esetben \u00c3\u00a9ppen \u00c3\u2013nnek sz\u00c3\u00b3l a &#8216;Mentori \u00c3\u00batmutat\u00c3\u00b3nk&#8217; (elm\u00c3\u00a9let \u00c3\u00a9s gyakorlatok a szakmai k\u00c3\u00a9szs\u00c3\u00a9gek fejleszt\u00c3\u00a9s\u00c3\u00a9hez) \u00c3\u00a9s a &#8216;Ment\u00c3\u00a1lis j\u00c3\u00b3ll\u00c3\u00a9t t\u00c3\u00a9rk\u00c3\u00a9p a munkahelyen&#8217; (a leggyakoribb munkahelyi ment\u00c3\u00a1lis eg\u00c3\u00a9szs\u00c3\u00a9g\u00c3\u00bcgyi probl\u00c3\u00a9m\u00c3\u00a1k megismer\u00c3\u00a9s\u00c3\u00a9t felder\u00c3\u00adt\u00c5\u2018 eszk\u00c3\u00b6z), amelyek mindegyike a Z &amp; Y gener\u00c3\u00a1ci\u00c3\u00b3s alkalmazottakat helyezik f\u00c3\u00b3kuszba.<\/span><\/p>\n<\/div>\n<p>\n    <a href=\"\/hu\/tools\/#mentor\">Olvasson tov\u00c3\u00a1bb<\/a>\n<\/p>\n<p><img decoding=\"async\" src=\"\/wp-content\/uploads\/2023\/01\/8294-scaled.jpg\" alt=\"\"><br \/>\n<img decoding=\"async\" src=\"\/wp-content\/uploads\/2023\/01\/Wavy_Ppl-06_Single-01-1.jpg\" alt=\"\"><\/p>\n<h2><span>Fiatal alkalmazottk\u00c3\u00a9nt pr\u00c3\u00b3b\u00c3\u00a1lsz proakt\u00c3\u00advabb lenni \u00c3\u00a9s cs\u00c3\u00b6kkenteni a stressz-szintedet?<\/span><\/h2>\n<div>\n<p><span>Akkor pont Neked sz\u00c3\u00b3l az &#8216;Elme-egyens\u00c3\u00baly&#8217; munkaf\u00c3\u00bczet, amely a hossz\u00c3\u00bat\u00c3\u00a1von fenntarthat\u00c3\u00b3 \u00c3\u00a9s tudatos \u00c3\u00b6nszab\u00c3\u00a1lyoz\u00c3\u00a1sr\u00c3\u00b3l sz\u00c3\u00b3l\u00c3\u00b3 anyag, tele tippekkel \u00c3\u00a9s technik\u00c3\u00a1kkal a korai ki\u00c3\u00a9g\u00c3\u00a9s \u00c3\u00a9s a depresszi\u00c3\u00b3 kezel\u00c3\u00a9s\u00c3\u00a9re.<\/span><\/p>\n<\/div>\n<p>\n    <a href=\"\/hu\/tools\/#young-employee\">Olvasson tov\u00c3\u00a1bb<\/a>\n<\/p>\n<div>\n<p><span>Projektsz\u00c3\u00a1m: 2022-1-HU01-KA220-000086673<\/span><\/p>\n<p><span>A PROUD egy Erasmus+ \u00c3\u00a1ltal t\u00c3\u00a1mogatott projekt, amelynek c\u00c3\u00a9lja a munkav\u00c3\u00a1llal\u00c3\u00b3 fiatalok egy\u00c3\u00a9ni j\u00c3\u00b3ll\u00c3\u00a9t\u00c3\u00a9nek \u00c3\u00a9s szakmai el\u00c5\u2018menetel\u00c3\u00a9nek t\u00c3\u00a1mogat\u00c3\u00a1sa.<\/span><\/p>\n<\/div>\n<p><img decoding=\"async\" src=\"\/wp-content\/uploads\/2023\/01\/EU-flag-and-disclaimer.png\" alt=\"\"><\/p>\n<div>\n<p><span>A projekt az Eur\u00c3\u00b3pai Uni\u00c3\u00b3 finansz\u00c3\u00adroz\u00c3\u00a1s\u00c3\u00a1val val\u00c3\u00b3sul meg. Az itt szerepl\u00c5\u2018 v\u00c3\u00a9lem\u00c3\u00a9nyek \u00c3\u00a9s \u00c3\u00a1ll\u00c3\u00adt\u00c3\u00a1sok a szerz\u00c5\u2018(k) \u00c3\u00a1ll\u00c3\u00a1spontj\u00c3\u00a1t t\u00c3\u00bckr\u00c3\u00b6zik, \u00c3\u00a9s nem felt\u00c3\u00a9tlen\u00c3\u00bcl egyeznek meg az Eur\u00c3\u00b3pai Uni\u00c3\u00b3 vagy az Eur\u00c3\u00b3pai Oktat\u00c3\u00a1si \u00c3\u00a9s Kultur\u00c3\u00a1lis V\u00c3\u00a9grehajt\u00c3\u00b3 \u00c3\u0153gyn\u00c3\u00b6ks\u00c3\u00a9g (EACEA) hivatalos \u00c3\u00a1ll\u00c3\u00a1spontj\u00c3\u00a1val. Sem az Eur\u00c3\u00b3pai Uni\u00c3\u00b3, sem az EACEA nem vonhat\u00c3\u00b3 felel\u00c5\u2018ss\u00c3\u00a9gre miattuk.<\/span><\/p>\n<\/div>\n<p><!--more--><br \/>\n<!-- {\"type\":\"layout\",\"children\":[{\"type\":\"section\",\"props\":{\"image_position\":\"center-center\",\"padding_remove_bottom\":true,\"style\":\"default\",\"title_breakpoint\":\"xl\",\"title_position\":\"top-left\",\"title_rotation\":\"left\",\"vertical_align\":\"middle\",\"width\":\"\"},\"children\":[{\"type\":\"row\",\"children\":[{\"type\":\"column\",\"props\":{\"image_position\":\"center-center\",\"media_overlay_gradient\":\"\",\"position_sticky_breakpoint\":\"m\",\"vertical_align\":\"middle\",\"width_default\":\"\",\"width_medium\":\"\",\"width_small\":\"expand\"},\"children\":[{\"type\":\"image\",\"props\":{\"image\":\"wp-content\\\/uploads\\\/2023\\\/01\\\/services-digital-x-ray-hero-01.png\",\"image_svg_color\":\"emphasis\",\"image_width\":\"200\",\"margin\":\"remove-vertical\",\"text_align\":\"center\",\"visibility\":\"l\"}}]},{\"type\":\"column\",\"props\":{\"image_position\":\"center-center\",\"media_overlay_gradient\":\"\",\"position_sticky_breakpoint\":\"m\",\"vertical_align\":\"middle\",\"width_default\":\"\",\"width_large\":\"\",\"width_medium\":\"\",\"width_small\":\"2-5\"},\"children\":[{\"type\":\"image\",\"props\":{\"image\":\"wp-content\\\/uploads\\\/2023\\\/01\\\/PROUD-logo_final.png\",\"image_svg_color\":\"emphasis\",\"margin\":\"default\",\"text_align\":\"center\"}},{\"type\":\"text\",\"props\":{\"block_align\":\"center\",\"column_breakpoint\":\"m\",\"content\":\"\n\n<p><span>Egy projekt, amely komplex \\u00e9s innovat\\u00edv mentorprogramot k\\u00edn\\u00e1l fiatal feln\\u0151ttek (Y &amp; Z gener\\u00e1ci\\u00f3) sz\\u00e1m\\u00e1ra, k\\u00fcl\\u00f6n figyelmet ford\\u00edtva a digit\\u00e1lis korszakban felmer\\u00fcl\\u0151 saj\\u00e1tos sz\\u00fcks\\u00e9gleteikre \\u00e9s munkahelyi neh\\u00e9zs\\u00e9geikre, valamint el\\u0151seg\\u00edtve j\\u00f3ll\\u00e9t\\u00fcket \\u00e9s szakmai k\\u00e9szs\\u00e9geiket. Megtal\\u00e1lhat\\u00f3 a Moodle platformon, digit\\u00e1lis felhaszn\\u00e1l\\u00e1shoz igaz\\u00edtva.<\\\/span><\\\/p>\",\"margin\":\"default\",\"text_align\":\"center\",\"text_style\":\"large\"}}]},{\"type\":\"column\",\"props\":{\"image_position\":\"center-center\",\"media_overlay_gradient\":\"\",\"position_sticky_breakpoint\":\"m\",\"vertical_align\":\"middle\",\"width_default\":\"\",\"width_medium\":\"\",\"width_small\":\"expand\"},\"children\":[{\"type\":\"image\",\"props\":{\"image\":\"wp-content\\\/uploads\\\/hero-shape-02.svg\",\"image_svg_color\":\"emphasis\",\"image_width\":\"250\",\"margin\":\"default\",\"text_align\":\"center\",\"visibility\":\"l\"}}]}],\"props\":{\"layout\":\"1-3,1-3,1-3\",\"width\":\"expand\"}}],\"name\":\"Home1\"},{\"type\":\"section\",\"props\":{\"image_position\":\"center-center\",\"style\":\"default\",\"title_breakpoint\":\"xl\",\"title_position\":\"top-left\",\"title_rotation\":\"left\",\"vertical_align\":\"middle\",\"width\":\"xlarge\"},\"children\":[{\"type\":\"row\",\"children\":[{\"type\":\"column\",\"props\":{\"image_position\":\"center-center\",\"media_overlay_gradient\":\"\",\"position_sticky_breakpoint\":\"m\"},\"children\":[{\"type\":\"headline\",\"props\":{\"content\":\"<span>C\\u00c9LUNK<\\\/span>\",\"margin\":\"small\",\"margin_remove_top\":false,\"title_element\":\"h2\"}},{\"type\":\"text\",\"props\":{\"column_breakpoint\":\"m\",\"content\":\"\n\n<p><span>A projekt\\u00fcnk c\\u00e9lja, hogy t\\u00e1mogassuk a fiatalabb gener\\u00e1ci\\u00f3 tagjait a hosszantart\\u00f3 munkahelyi el\\u00e9gedetts\\u00e9g el\\u00e9r\\u00e9s\\u00e9ben. Mindezt a szakmai hat\\u00e9konys\\u00e1g, a munka-mag\\u00e1n\\u00e9let egyens\\u00faly\\u00e1val, a munk\\u00e1val kapcsolatos ment\\u00e1lis j\\u00f3ll\\u00e9t \\u00e9s tudatoss\\u00e1g n\\u00f6vel\\u00e9s\\u00e9vel, valamint a rezilienci\\u00e1ra val\\u00f3 k\\u00e9pess\\u00e9g\\u00fck meger\\u0151s\\u00edt\\u00e9s\\u00e9vel. Megk\\u00f6zel\\u00edt\\u00e9s\\u00fcnk multidiszciplin\\u00e1ris, egy fiatalokra \\u00f6sszpontos\\u00edt\\u00f3 mentork\\u00e9pz\\u00e9s \\u00e9s egy fiatal munkav\\u00e1llal\\u00f3knak sz\\u00f3l\\u00f3, alapvet\\u0151 k\\u00e9szs\\u00e9gfejleszt\\u0151 program egyes\\u00edt\\u00e9s\\u00e9vel.<\\\/span><\\\/p>\",\"margin\":\"medium\",\"margin_remove_bottom\":false,\"margin_remove_top\":false}},{\"type\":\"button\",\"props\":{\"grid_column_gap\":\"small\",\"grid_row_gap\":\"small\",\"margin\":\"default\",\"text_align\":\"right\"},\"children\":[{\"type\":\"button_item\",\"props\":{\"button_style\":\"text\",\"content\":\"tudj meg t\\u00f6bbet PROUD\",\"icon_align\":\"left\",\"link\":\"hu\\\/about\\\/\"}}]},{\"type\":\"divider\",\"props\":{\"divider_align\":\"center\",\"divider_element\":\"hr\",\"divider_style\":\"\"}}]}]}],\"name\":\"Home2\"},{\"type\":\"section\",\"props\":{\"image_position\":\"center-center\",\"overlap\":false,\"padding_remove_top\":true,\"style\":\"default\",\"title_breakpoint\":\"xl\",\"title_position\":\"top-left\",\"title_rotation\":\"left\",\"vertical_align\":\"middle\",\"width\":\"xlarge\"},\"children\":[{\"type\":\"row\",\"props\":{\"layout\":\"1-2,1-2\"},\"children\":[{\"type\":\"column\",\"props\":{\"image_position\":\"center-center\",\"media_overlay_gradient\":\"\",\"position_sticky_breakpoint\":\"m\",\"vertical_align\":\"middle\",\"width_medium\":\"1-2\"},\"children\":[{\"type\":\"headline\",\"props\":{\"content\":\"<span>Eln\\u00e9z\\u00e9st, \\u00d6n mentor?<\\\/span>\",\"css\":\".el-element{\\n    justify-content:center;\\n}\",\"margin\":\"small\",\"margin_remove_top\":false,\"title_element\":\"h2\"}},{\"type\":\"text\",\"props\":{\"block_align\":\"center\",\"column_breakpoint\":\"m\",\"content\":\"\n\n<p><span> Ez esetben \\u00e9ppen \\u00d6nnek sz\\u00f3l a 'Mentori \\u00fatmutat\\u00f3nk' (elm\\u00e9let \\u00e9s gyakorlatok a szakmai k\\u00e9szs\\u00e9gek fejleszt\\u00e9s\\u00e9hez) \\u00e9s a 'Ment\\u00e1lis j\\u00f3ll\\u00e9t t\\u00e9rk\\u00e9p a munkahelyen' (a leggyakoribb munkahelyi ment\\u00e1lis eg\\u00e9szs\\u00e9g\\u00fcgyi probl\\u00e9m\\u00e1k megismer\\u00e9s\\u00e9t felder\\u00edt\\u0151 eszk\\u00f6z), amelyek mindegyike a Z &amp; Y gener\\u00e1ci\\u00f3s alkalmazottakat helyezik f\\u00f3kuszba.<\\\/span><\\\/p>\",\"margin\":\"default\",\"maxwidth\":\"2xlarge\",\"maxwidth_breakpoint\":\"m\"}},{\"type\":\"button\",\"props\":{\"grid_column_gap\":\"small\",\"grid_row_gap\":\"small\",\"margin\":\"default\",\"text_align\":\"right\"},\"children\":[{\"type\":\"button_item\",\"props\":{\"button_style\":\"text\",\"content\":\"Olvasson tov\\u00e1bb\",\"icon_align\":\"left\",\"link\":\"hu\\\/tools\\\/#mentor\",\"link_title\":\"Read more\"}}]}]},{\"type\":\"column\",\"props\":{\"image_position\":\"center-center\",\"media_overlay_gradient\":\"\",\"position_sticky_breakpoint\":\"m\",\"width_medium\":\"1-2\"},\"children\":[{\"type\":\"image\",\"props\":{\"image\":\"wp-content\\\/uploads\\\/2023\\\/01\\\/8294-scaled.jpg\",\"image_svg_color\":\"emphasis\",\"margin\":\"small\",\"position\":\"relative\",\"position_top\":\"-25\",\"text_align\":\"right\"}}]}]},{\"type\":\"row\",\"props\":{\"layout\":\"1-2,1-2\",\"margin\":\"large\",\"margin_remove_top\":true},\"children\":[{\"type\":\"column\",\"props\":{\"image_position\":\"center-center\",\"media_overlay_gradient\":\"\",\"position_sticky_breakpoint\":\"m\",\"width_medium\":\"1-2\"},\"children\":[{\"type\":\"image\",\"props\":{\"image\":\"wp-content\\\/uploads\\\/2023\\\/01\\\/Wavy_Ppl-06_Single-01-1.jpg\",\"image_svg_color\":\"emphasis\",\"image_width\":\"350\",\"margin\":\"\",\"position\":\"relative\",\"text_align\":\"center\"}}]},{\"type\":\"column\",\"props\":{\"image_position\":\"center-center\",\"media_overlay_gradient\":\"\",\"position_sticky_breakpoint\":\"m\",\"vertical_align\":\"middle\",\"width_medium\":\"1-2\"},\"children\":[{\"type\":\"headline\",\"props\":{\"content\":\"<span>Fiatal alkalmazottk\\u00e9nt pr\\u00f3b\\u00e1lsz proakt\\u00edvabb lenni \\u00e9s cs\\u00f6kkenteni a stressz-szintedet?<\\\/span>\",\"margin\":\"small\",\"margin_remove_bottom\":true,\"title_element\":\"h2\"}},{\"type\":\"text\",\"props\":{\"column_breakpoint\":\"m\",\"content\":\"\n\n<p><span>Akkor pont Neked sz\\u00f3l az 'Elme-egyens\\u00faly' munkaf\\u00fczet, amely a hossz\\u00fat\\u00e1von fenntarthat\\u00f3 \\u00e9s tudatos \\u00f6nszab\\u00e1lyoz\\u00e1sr\\u00f3l sz\\u00f3l\\u00f3 anyag, tele tippekkel \\u00e9s technik\\u00e1kkal a korai ki\\u00e9g\\u00e9s \\u00e9s a depresszi\\u00f3 kezel\\u00e9s\\u00e9re.<\\\/span><\\\/p>\",\"margin\":\"default\",\"margin_remove_bottom\":false,\"margin_remove_top\":true,\"maxwidth\":\"2xlarge\",\"maxwidth_breakpoint\":\"m\"}},{\"type\":\"button\",\"props\":{\"grid_column_gap\":\"small\",\"grid_row_gap\":\"small\",\"margin\":\"default\",\"text_align\":\"right\"},\"children\":[{\"type\":\"button_item\",\"props\":{\"button_style\":\"text\",\"content\":\"Olvasson tov\\u00e1bb\",\"icon_align\":\"left\",\"link\":\"hu\\\/tools\\\/#young-employee\",\"link_title\":\"Read more\"}}]}]}]}],\"name\":\"home3\"},{\"type\":\"section\",\"props\":{\"css\":\".el-section{ \\n\\tbackground-color:#111133;\\n}\",\"image\":\"wp-content\\\/uploads\\\/2023\\\/01\\\/Untitled.png\",\"image_position\":\"top-center\",\"image_size\":\"cover\",\"overlap\":false,\"style\":\"default\",\"title_breakpoint\":\"xl\",\"title_position\":\"top-left\",\"title_rotation\":\"left\",\"vertical_align\":\"middle\",\"width\":\"default\"},\"children\":[{\"type\":\"row\",\"props\":{\"layout\":\"1-2,1-2\"},\"children\":[{\"type\":\"column\",\"props\":{\"image_position\":\"center-center\",\"media_overlay_gradient\":\"\",\"position_sticky_breakpoint\":\"m\",\"width_medium\":\"1-2\"},\"children\":[{\"type\":\"text\",\"props\":{\"column_breakpoint\":\"m\",\"content\":\"\n\n<p><span>Projektsz\\u00e1m: 2022-1-HU01-KA220-000086673<\\\/span><\\\/p>\\n\n\n<p><span>A PROUD egy Erasmus+ \\u00e1ltal t\\u00e1mogatott projekt, amelynek c\\u00e9lja a munkav\\u00e1llal\\u00f3 fiatalok egy\\u00e9ni j\\u00f3ll\\u00e9t\\u00e9nek \\u00e9s szakmai el\\u0151menetel\\u00e9nek t\\u00e1mogat\\u00e1sa.<\\\/span><\\\/p>\",\"margin\":\"default\",\"text_color\":\"muted\"}}]},{\"type\":\"column\",\"props\":{\"image_position\":\"center-center\",\"media_overlay_gradient\":\"\",\"position_sticky_breakpoint\":\"m\",\"width_medium\":\"1-2\"},\"children\":[{\"type\":\"image\",\"props\":{\"image\":\"wp-content\\\/uploads\\\/2023\\\/01\\\/EU-flag-and-disclaimer.png\",\"image_svg_color\":\"emphasis\",\"margin\":\"default\"}},{\"type\":\"text\",\"props\":{\"column_breakpoint\":\"m\",\"content\":\"\n\n<p><span>A projekt az Eur\\u00f3pai Uni\\u00f3 finansz\\u00edroz\\u00e1s\\u00e1val val\\u00f3sul meg. Az itt szerepl\\u0151 v\\u00e9lem\\u00e9nyek \\u00e9s \\u00e1ll\\u00edt\\u00e1sok a szerz\\u0151(k) \\u00e1ll\\u00e1spontj\\u00e1t t\\u00fckr\\u00f6zik, \\u00e9s nem felt\\u00e9tlen\\u00fcl egyeznek meg az Eur\\u00f3pai Uni\\u00f3 vagy az Eur\\u00f3pai Oktat\\u00e1si \\u00e9s Kultur\\u00e1lis V\\u00e9grehajt\\u00f3 \\u00dcgyn\\u00f6ks\\u00e9g (EACEA) hivatalos \\u00e1ll\\u00e1spontj\\u00e1val. Sem az Eur\\u00f3pai Uni\\u00f3, sem az EACEA nem vonhat\\u00f3 felel\\u0151ss\\u00e9gre miattuk.<\\\/span><\\\/p>\",\"margin\":\"default\",\"text_color\":\"muted\"}}]}]}],\"name\":\"FOOTER_spacious\"}],\"version\":\"3.0.20\"} --><\/p>\n","protected":false},"excerpt":{"rendered":"<p>Egy projekt, amely komplex \u00c3\u00a9s innovat\u00c3\u00adv mentorprogramot k\u00c3\u00adn\u00c3\u00a1l fiatal feln\u00c5\u2018ttek (Y &amp; Z gener\u00c3\u00a1ci\u00c3\u00b3) sz\u00c3\u00a1m\u00c3\u00a1ra, k\u00c3\u00bcl\u00c3\u00b6n figyelmet ford\u00c3\u00adtva a digit\u00c3\u00a1lis korszakban felmer\u00c3\u00bcl\u00c5\u2018 saj\u00c3\u00a1tos sz\u00c3\u00bcks\u00c3\u00a9gleteikre \u00c3\u00a9s munkahelyi neh\u00c3\u00a9zs\u00c3\u00a9geikre, valamint el\u00c5\u2018seg\u00c3\u00adtve j\u00c3\u00b3ll\u00c3\u00a9t\u00c3\u00bcket \u00c3\u00a9s szakmai k\u00c3\u00a9szs\u00c3\u00a9geiket. Megtal\u00c3\u00a1lhat\u00c3\u00b3 a Moodle platformon, digit\u00c3\u00a1lis felhaszn\u00c3\u00a1l\u00c3\u00a1shoz igaz\u00c3\u00adtva. C\u00c3\u2030LUNK A projekt\u00c3\u00bcnk c\u00c3\u00a9lja, hogy t\u00c3\u00a1mogassuk a fiatalabb gener\u00c3\u00a1ci\u00c3\u00b3 tagjait a hosszantart\u00c3\u00b3 munkahelyi el\u00c3\u00a9gedetts\u00c3\u00a9g el\u00c3\u00a9r\u00c3\u00a9s\u00c3\u00a9ben. [&hellip;]<\/p>\n","protected":false},"author":1,"featured_media":0,"parent":0,"menu_order":0,"comment_status":"closed","ping_status":"closed","template":"","meta":[],"_links":{"self":[{"href":"https:\/\/proudproject.eu\/hu\/wp-json\/wp\/v2\/pages\/483"}],"collection":[{"href":"https:\/\/proudproject.eu\/hu\/wp-json\/wp\/v2\/pages"}],"about":[{"href":"https:\/\/proudproject.eu\/hu\/wp-json\/wp\/v2\/types\/page"}],"author":[{"embeddable":true,"href":"https:\/\/proudproject.eu\/hu\/wp-json\/wp\/v2\/users\/1"}],"replies":[{"embeddable":true,"href":"https:\/\/proudproject.eu\/hu\/wp-json\/wp\/v2\/comments?post=483"}],"version-history":[{"count":4,"href":"https:\/\/proudproject.eu\/hu\/wp-json\/wp\/v2\/pages\/483\/revisions"}],"predecessor-version":[{"id":1257,"href":"https:\/\/proudproject.eu\/hu\/wp-json\/wp\/v2\/pages\/483\/revisions\/1257"}],"wp:attachment":[{"href":"https:\/\/proudproject.eu\/hu\/wp-json\/wp\/v2\/media?parent=483"}],"curies":[{"name":"wp","href":"https:\/\/api.w.org\/{rel}","templated":true}]}}